{"id":766,"date":"2025-02-28T18:08:33","date_gmt":"2025-02-28T18:08:33","guid":{"rendered":"https:\/\/jacquescasasus.com\/?page_id=766"},"modified":"2025-04-24T13:27:40","modified_gmt":"2025-04-24T13:27:40","slug":"bibliographie","status":"publish","type":"page","link":"https:\/\/jacquescasasus.com\/?page_id=766","title":{"rendered":"Aper\u00e7u du parcours &#8211; Career overview"},"content":{"rendered":"\n<p><\/p>\n\n\n\n<p class=\"has-text-align-center has-base-color has-primary-background-color has-text-color has-background has-link-color wp-elements-ddc38f3ec64496693099872140c6e3a6\" style=\"border-style:none;border-width:0px;margin-top:0px;margin-right:0;margin-bottom:0px;margin-left:0;padding-top:0;padding-right:0;padding-bottom:0;padding-left:0;font-size:14px\"><strong>Principales dates<\/strong><\/p>\n\n\n\n<div class=\"wp-block-group is-nowrap is-layout-flex wp-container-core-group-is-layout-6c531013 wp-block-group-is-layout-flex\">\n<p>1939\u00a0 Naissance en Suisse, \u00e0 Schinznach-Bad, en Argovie<br><br>1956-59\u00a0 <strong>Beaux-Arts de Bourges, France<\/strong><br><br>1960-62\u00a0 <strong>Acad\u00e9mie Andr\u00e9 Lhote<\/strong><br><br>1959-70\u00a0 &#8211; <strong>P\u00e9riode acad\u00e9mique<\/strong> puis <strong>moderniste<\/strong> \u00e0 la mani\u00e8re de C\u00e9zanne et Picasso puis une expression proche de celle de F. Bacon<br><br>1971-75\u00a0 &#8211; <strong>P\u00e9riode exp\u00e9rimentale<\/strong> avec des aplats de couleurs primaires et l&#8217;usage de peinture cellulosique en a\u00e9rosol<br><br>1976-90\u00a0 &#8211; <strong>P\u00e9riode de la maturit\u00e9<\/strong>, composition fragment\u00e9e, fa\u00e7on gros plan,\u00a0 exclusivement \u00e0 base de grands aplats de couleur, usage syst\u00e9matique de l&#8217;acrylique sur toile<br><br>1991-&#8230;\u00a0 &#8211; <strong>P\u00e9riode de la s\u00e9niorit\u00e9 <\/strong>avec des aplats de couleur moins uniformes<\/p>\n\n\n\n<figure class=\"wp-block-image size-large\"><a href=\"https:\/\/jacquescasasus.com\/wp-content\/uploads\/2025\/04\/Dad-Peint-PhotoBureauGranny-scaled.jpg\"><img loading=\"lazy\" decoding=\"async\" width=\"765\" height=\"1024\" src=\"https:\/\/jacquescasasus.com\/wp-content\/uploads\/2025\/04\/Dad-Peint-PhotoBureauGranny-765x1024.jpg\" alt=\"\" class=\"wp-image-1386\" srcset=\"https:\/\/jacquescasasus.com\/wp-content\/uploads\/2025\/04\/Dad-Peint-PhotoBureauGranny-765x1024.jpg 765w, https:\/\/jacquescasasus.com\/wp-content\/uploads\/2025\/04\/Dad-Peint-PhotoBureauGranny-224x300.jpg 224w, https:\/\/jacquescasasus.com\/wp-content\/uploads\/2025\/04\/Dad-Peint-PhotoBureauGranny-768x1029.jpg 768w, https:\/\/jacquescasasus.com\/wp-content\/uploads\/2025\/04\/Dad-Peint-PhotoBureauGranny-1147x1536.jpg 1147w, https:\/\/jacquescasasus.com\/wp-content\/uploads\/2025\/04\/Dad-Peint-PhotoBureauGranny-1529x2048.jpg 1529w, https:\/\/jacquescasasus.com\/wp-content\/uploads\/2025\/04\/Dad-Peint-PhotoBureauGranny-scaled.jpg 1911w\" sizes=\"auto, (max-width: 765px) 100vw, 765px\" \/><\/a><\/figure>\n<\/div>\n\n\n\n<p><\/p>\n\n\n\n<p class=\"has-text-align-center has-base-color has-primary-background-color has-text-color has-background has-link-color wp-elements-822ef8fc72dff0b98056d01f70a73e31\" style=\"border-style:none;border-width:0px;margin-top:0px;margin-right:0;margin-bottom:0px;margin-left:0;padding-top:0;padding-right:0;padding-bottom:0;padding-left:0;font-size:14px\"><strong>Expositions, acquisitions<\/strong><\/p>\n\n\n\n<p>1<strong>968&nbsp;&nbsp; Exposition &#8211; Versailles<\/strong><\/p>\n\n\n\n<p><strong>1970&nbsp;&nbsp; L\u2019Art et la Ville \u2013 Pantin<\/strong><br>&#8212;&#8212;&#8211; <strong>Prix de la Ville de Vitry s\/seine<\/strong><\/p>\n\n\n\n<p><strong>1971<strong>&nbsp;&nbsp; <\/strong>III\u00e8me festival international de Cagnes s\/mer,<\/strong> <strong>\u00ab&nbsp;Prix national&nbsp;\u00bb<\/strong><\/p>\n\n\n\n<p><strong>1972&nbsp;&nbsp;Exposition, prix Victor Choquet<\/strong><br>&#8212;&#8212;&#8211; <strong>Exposition personnelle, Galerie Luszpinski \u2013 Paris<\/strong><br>&#8212;&#8212;&#8211; <strong>Exposition de Groupe \u2013 Francfort, Allemag<\/strong>ne<\/p>\n\n\n\n<p><strong>1973&nbsp;&nbsp;110 artistes avec le Chili<\/strong><\/p>\n\n\n\n<p><strong>1974&nbsp;&nbsp;Salon Comparaison<\/strong><br>&#8212;&#8212;&#8211; <strong>R\u00e9alit\u00e9s nouvelles<\/strong><br>&#8212;&#8212;&#8211; <strong>Salon latino-am\u00e9ricain, Cit\u00e9 des Arts \u2013 Paris<\/strong><br>&#8212;&#8212;&#8211; <strong>Acquisitions par la Ville de Paris, par l\u2019A\u00e9roport d\u2019Orly<\/strong><br>&#8212;&#8212;&#8211; <strong>Exposition &#8211; Vittel<\/strong><\/p>\n\n\n\n<p><strong>1975&nbsp;&nbsp;Exposition de groupe, Galerie de l\u2019\u0153il de b\u0153uf \u2013 Paris<\/strong><br>&#8212;&#8212;&#8211; <strong>Salon de mai<\/strong><br>&#8212;&#8212;&#8211; <strong>Salon de Toulon<\/strong><\/p>\n\n\n\n<p><strong>1977&nbsp;&nbsp;Centre culturel \u2013 Amiens<\/strong><br>&#8212;&#8212;&#8211; <strong>Salon international d\u2019art de Toulon &#8211; Draguignan<\/strong><br>&#8212;&#8212;&#8211; <strong>Prix de peinture de Toulon<\/strong><br>&#8212;&#8212;&#8211; <strong>Exposition \u2013 Vitry s\/se<\/strong>ine<\/p>\n\n\n\n<p><strong>1978&nbsp;&nbsp;Salon de mai<\/strong><br>&#8212;&#8212;&#8211; <strong>Image, messages d\u2019Am\u00e9rique latine<\/strong><br>&#8212;&#8212;&#8211; <strong>Expositions &#8211; Paris<\/strong><\/p>\n\n\n\n<p><strong>1979&nbsp;&nbsp;Hommage \u00e0 Cuba, Unesco \u2013 Paris<\/strong><br>&#8212;&#8212;&#8211; <strong>Exposition, Centre culturel \u2013 Saint-Ouen<\/strong><\/p>\n\n\n\n<p><strong>1980&nbsp;&nbsp; First International Biennal of Portrait \u2013 Tuzla, Yougoslavie<\/strong><\/p>\n\n\n\n<p><strong>1981&nbsp;&nbsp; Exposition, Galerie d\u2019Art, A\u00e9roport de Paris &#8211; Orly<\/strong><\/p>\n\n\n\n<p><strong>1984&nbsp;&nbsp; Exposition, Galerie Fernand L\u00e9ger \u2013 Ivry s\/seine<\/strong><\/p>\n\n\n\n<p><strong>1985&nbsp;&nbsp; Acquisition du FDAC, Val de Marne<\/strong><\/p>\n\n\n\n<p><strong>1986&nbsp;&nbsp; Salon de mai<\/strong><\/p>\n\n\n\n<p><strong>1987&nbsp;&nbsp; Exposition personnelle, Th\u00e9\u00e2tre de Vanves<\/strong><\/p>\n\n\n\n<p><strong>1989&nbsp;&nbsp; Exposition personnelle, Galerie Boulanger \u2013 Paris<\/strong><\/p>\n\n\n\n<p><strong>1991&nbsp;&nbsp; Salon 109, Grand Palais &#8211; Paris<\/strong><\/p>\n\n\n\n<p><strong>1993&nbsp;&nbsp; Salon 109, Grand Palais &#8211; Paris<\/strong><\/p>\n\n\n\n<p><strong>1994&nbsp;&nbsp; Exposition personnelle &#8211; Champ\u00e9ry<\/strong><\/p>\n","protected":false},"excerpt":{"rendered":"<p>Principales dates 1939\u00a0 Naissance en Suisse, \u00e0 Schinznach-Bad, en Argovie 1956-59\u00a0 Beaux-Arts de Bourges, France 1960-62\u00a0 Acad\u00e9mie Andr\u00e9 Lhote 1959-70\u00a0 &#8211; P\u00e9riode acad\u00e9mique puis moderniste \u00e0 la mani\u00e8re de C\u00e9zanne et Picasso puis une expression proche de celle de F. Bacon 1971-75\u00a0 &#8211; P\u00e9riode exp\u00e9rimentale avec des aplats de couleurs primaires et l&#8217;usage de peinture [&hellip;]<\/p>\n","protected":false},"author":2,"featured_media":0,"parent":0,"menu_order":0,"comment_status":"closed","ping_status":"closed","template":"","meta":{"footnotes":""},"class_list":["post-766","page","type-page","status-publish","hentry"],"_links":{"self":[{"href":"https:\/\/jacquescasasus.com\/index.php?rest_route=\/wp\/v2\/pages\/766","targetHints":{"allow":["GET"]}}],"collection":[{"href":"https:\/\/jacquescasasus.com\/index.php?rest_route=\/wp\/v2\/pages"}],"about":[{"href":"https:\/\/jacquescasasus.com\/index.php?rest_route=\/wp\/v2\/types\/page"}],"author":[{"embeddable":true,"href":"https:\/\/jacquescasasus.com\/index.php?rest_route=\/wp\/v2\/users\/2"}],"replies":[{"embeddable":true,"href":"https:\/\/jacquescasasus.com\/index.php?rest_route=%2Fwp%2Fv2%2Fcomments&post=766"}],"version-history":[{"count":34,"href":"https:\/\/jacquescasasus.com\/index.php?rest_route=\/wp\/v2\/pages\/766\/revisions"}],"predecessor-version":[{"id":1390,"href":"https:\/\/jacquescasasus.com\/index.php?rest_route=\/wp\/v2\/pages\/766\/revisions\/1390"}],"wp:attachment":[{"href":"https:\/\/jacquescasasus.com\/index.php?rest_route=%2Fwp%2Fv2%2Fmedia&parent=766"}],"curies":[{"name":"wp","href":"https:\/\/api.w.org\/{rel}","templated":true}]}}