{"id":121,"date":"2025-02-14T18:33:22","date_gmt":"2025-02-14T18:33:22","guid":{"rendered":"https:\/\/jacquescasasus.com\/?page_id=121"},"modified":"2025-04-27T07:45:09","modified_gmt":"2025-04-27T07:45:09","slug":"bio","status":"publish","type":"page","link":"https:\/\/jacquescasasus.com\/?page_id=121","title":{"rendered":"Biographie de l\u2019artiste"},"content":{"rendered":"\n<div class=\"wp-block-columns is-layout-flex wp-container-core-columns-is-layout-28f84493 wp-block-columns-is-layout-flex\">\n<div class=\"wp-block-column is-layout-flow wp-block-column-is-layout-flow\">\n<figure class=\"wp-block-image alignright size-full\"><a href=\"https:\/\/jacquescasasus.com\/wp-content\/uploads\/2025\/03\/IMG_1193-1.jpg\"><img loading=\"lazy\" decoding=\"async\" width=\"300\" height=\"400\" src=\"https:\/\/jacquescasasus.com\/wp-content\/uploads\/2025\/03\/IMG_1193-1.jpg\" alt=\"\" class=\"wp-image-820\" srcset=\"https:\/\/jacquescasasus.com\/wp-content\/uploads\/2025\/03\/IMG_1193-1.jpg 300w, https:\/\/jacquescasasus.com\/wp-content\/uploads\/2025\/03\/IMG_1193-1-225x300.jpg 225w\" sizes=\"auto, (max-width: 300px) 100vw, 300px\" \/><\/a><\/figure>\n<\/div>\n\n\n\n<div class=\"wp-block-column is-layout-flow wp-block-column-is-layout-flow\">\n<figure class=\"wp-block-image size-full\"><a href=\"https:\/\/jacquescasasus.com\/wp-content\/uploads\/2025\/03\/IMG_8440-1.jpg\"><img loading=\"lazy\" decoding=\"async\" width=\"300\" height=\"400\" src=\"https:\/\/jacquescasasus.com\/wp-content\/uploads\/2025\/03\/IMG_8440-1.jpg\" alt=\"\" class=\"wp-image-821\" srcset=\"https:\/\/jacquescasasus.com\/wp-content\/uploads\/2025\/03\/IMG_8440-1.jpg 300w, https:\/\/jacquescasasus.com\/wp-content\/uploads\/2025\/03\/IMG_8440-1-225x300.jpg 225w\" sizes=\"auto, (max-width: 300px) 100vw, 300px\" \/><\/a><\/figure>\n<\/div>\n<\/div>\n\n\n\n<p><strong>Des origines internationales m\u00eal\u00e9es au terroir campagnard<\/strong><\/p>\n\n\n\n<p>Jacques Casasus est issu d\u2019un milieu cosmopolite qui a \u00e9lu l\u2019Europe, la France et Paris comme lieu de r\u00e9sidence principal. <br>Son grand-p\u00e8re maternel, Henry F. Montagnier, a des origines am\u00e9ricaines avec de vieilles racines anglaises, \u00e9cossaises et fran\u00e7aises. C\u2019\u00e9tait un passionn\u00e9 de la montagne, notamment les Alpes suisses et leur massif valaisan des Dents-du-Midi. <br>Par sa grand-m\u00e8re maternelle, de nationalit\u00e9 helv\u00e9tique, Jacques a une ascendance jurassienne \u00e0 cheval sur la fronti\u00e8re franco-suisse.<br>Par son p\u00e8re, il poss\u00e8de des origines mexicaines avec des racines espagnoles, catalanes ou occitanes. C\u2019est un milieu tr\u00e8s francophile et la famille a souvent s\u00e9journ\u00e9 en France. Sa grand-m\u00e8re avec deux de ses fils ont donc choisi de s\u2019\u00e9tablir \u00e0 Paris apr\u00e8s la chute du G\u00e9n\u00e9ral Diaz et le d\u00e9c\u00e8s de son grand-p\u00e8re, l\u2019\u00e9conomiste, diplomate-ambassadeur, \u00e9crivain, Joachim D. Casasus.<br>Ses parents appr\u00e9cient les rives de la Loire, aux abords de Blois et de sa grande for\u00eat domaniale. Dans cet environnement rural, Jacques Casasus passe toute son enfance, durant la guerre et l\u2019apr\u00e8s-guerre. D\u2019o\u00f9 son besoin vital de campagne, de nature et sa passion pour les bois et pour cette tradition qu\u2019est la chasse.<\/p>\n\n\n\n<p><strong>Une vocation affirm\u00e9e<\/strong><\/p>\n\n\n\n<p>Son p\u00e8re \u00e9tant d\u00e9c\u00e9d\u00e9 quelques mois apr\u00e8s sa naissance, Jacques Casasus a \u00e9t\u00e9 \u00e9lev\u00e9 sous le regard de son oncle L\u00e9on Casasus. Ce dernier a re\u00e7u une formation d\u2019architecte et s\u2019est adonn\u00e9 toute sa vie \u00e0 sa passion, la peinture.<br>Ainsi, d\u00e8s que Jacques est en \u00e2ge de rompre avec le syst\u00e8me scolaire traditionnel, il part pour Bourges \u00e0 l\u2019\u00e9cole des Beaux-Arts. Puis il s\u2019installe \u00e0 Paris et suit les cours de l\u2019Acad\u00e9mie d\u2019Andr\u00e9 Lhote. D\u00e8s lors, il fait de la peinture sa principale raison d\u2019\u00eatre.<br>Il d\u00e9bute sa carri\u00e8re \u00e0 proximit\u00e9 de Thierry Sigg et de Jean Berthet. <br>Parall\u00e8lement, il milite contre les guerres coloniales et pour la paix au Vietnam, pour l&#8217;\u00e9galit\u00e9 des droits et contre le racisme.<\/p>\n\n\n\n<p><strong>De front, une famille, la peinture et des passions<\/strong><\/p>\n\n\n\n<p>A vingt ans, Jacques Casasus se marie puis devient p\u00e8re. En tout, trois enfants, un gar\u00e7on et deux filles. Jacques Casasus se partage sans renoncer \u00e0 rien&nbsp;: la vie de famille, la peinture et ses passions multiples (la chasse, les armes, la m\u00e9canique et les travaux de r\u00e9novation divers). Il consacre un mi-temps \u00e0 la peinture, les matins \u00e9tant r\u00e9serv\u00e9s \u00e0 la petite entreprise familiale de fa\u00e7onnage du papier que dirige sa femme, Marion Sigg, situ\u00e9e \u00e0 la Porte de Pantin. Il donne aussi des cours de peinture. Tous les week-ends sont un ressourcement \u00e0 la campagne, de pr\u00e9f\u00e9rence dans les bois, entre Tonnerre et Montbard, en Bourgogne.<\/p>\n\n\n\n<p class=\"has-secondary-color has-text-color has-link-color wp-elements-020b05cb3686c256824f32f62930ffad\"><strong>Un style personnel et constant<\/strong><\/p>\n\n\n\n<p class=\"has-secondary-color has-text-color has-link-color wp-elements-28ec7247c3174c397e01b41af7798c68\">Naturellement, les premi\u00e8res ann\u00e9es de peinture t\u00e9moignent d\u2019un style qui se forme, l\u2019inspiration et la mani\u00e8re \u00e9voquent Matisse, Picasso puis F. Bacon. <br>Le d\u00e9but des ann\u00e9es 1970 est le temps de l&#8217;exp\u00e9rimentation avec l\u2019usage de l\u2019a\u00e9rosol et un degr\u00e9 d&#8217;abstraction plus marqu\u00e9.<br>C\u2019est r\u00e9ellement autour de 1980 que Jacques Casasus trouve une voie personnelle qu\u2019il ne va cesser d\u2019approfondir. Le peintre se moque d\u00e9sormais des modes, des tendances, de l\u2019intellectualisme parisien et des \u00e9ventuels qu\u2019en-dira-t-on. Sur la toile, il confronte des aplats de couleurs primaires sans contour et ses sujets sont des fragments figuratifs mais sch\u00e9matiques ou stylis\u00e9s.<br>Au d\u00e9but des ann\u00e9es 1990, le couple de Jacques et Marion quitte Paris pour la Suisse : ils s\u2019installent dans le Valais, \u00e0 Champ\u00e9ry, dans les lieux o\u00f9, \u00e0 l\u2019initiative du grand-p\u00e8re alpiniste, Henry Montagnier, la famille avait \u00e9tabli son camp de base. <br>Pour autant, l&#8217;artiste ne d\u00e9laisse pas les for\u00eats de Bourgogne et initie ses trois petits-fils \u00e0 sa passion inextinguible pour la chasse au gros gibier.<\/p>\n\n\n\n<p class=\"has-secondary-color has-text-color has-link-color wp-elements-809deea4d2af986c3ab2af63edd5776c\">Sans vell\u00e9it\u00e9 commerciale, ni app\u00e9tence pour le r\u00e9seautage, indispensables pour se faire un nom, donc \u00e9cartant compromis et compromissions, en toute libert\u00e9, Jacques Casasus a r\u00e9alis\u00e9 et constitu\u00e9 sur plus d&#8217;un demi-si\u00e8cle, une belle collection d&#8217;\u0153uvres.<\/p>\n\n\n\n<p class=\"has-secondary-color has-text-color has-link-color wp-elements-893f0cbb264834d4b47d30eabd7de02e\">Un catalogue presque int\u00e9gral est en ligne, en acc\u00e8s libre pour tous, sur ce site. <br><strong>Excellente visite !<\/strong><\/p>\n\n\n\n<p><\/p>\n","protected":false},"excerpt":{"rendered":"<p>Des origines internationales m\u00eal\u00e9es au terroir campagnard Jacques Casasus est issu d\u2019un milieu cosmopolite qui a \u00e9lu l\u2019Europe, la France et Paris comme lieu de r\u00e9sidence principal. Son grand-p\u00e8re maternel, Henry F. Montagnier, a des origines am\u00e9ricaines avec de vieilles racines anglaises, \u00e9cossaises et fran\u00e7aises. C\u2019\u00e9tait un passionn\u00e9 de la montagne, notamment les Alpes suisses [&hellip;]<\/p>\n","protected":false},"author":2,"featured_media":0,"parent":0,"menu_order":0,"comment_status":"closed","ping_status":"closed","template":"","meta":{"footnotes":""},"class_list":["post-121","page","type-page","status-publish","hentry"],"_links":{"self":[{"href":"https:\/\/jacquescasasus.com\/index.php?rest_route=\/wp\/v2\/pages\/121","targetHints":{"allow":["GET"]}}],"collection":[{"href":"https:\/\/jacquescasasus.com\/index.php?rest_route=\/wp\/v2\/pages"}],"about":[{"href":"https:\/\/jacquescasasus.com\/index.php?rest_route=\/wp\/v2\/types\/page"}],"author":[{"embeddable":true,"href":"https:\/\/jacquescasasus.com\/index.php?rest_route=\/wp\/v2\/users\/2"}],"replies":[{"embeddable":true,"href":"https:\/\/jacquescasasus.com\/index.php?rest_route=%2Fwp%2Fv2%2Fcomments&post=121"}],"version-history":[{"count":25,"href":"https:\/\/jacquescasasus.com\/index.php?rest_route=\/wp\/v2\/pages\/121\/revisions"}],"predecessor-version":[{"id":1395,"href":"https:\/\/jacquescasasus.com\/index.php?rest_route=\/wp\/v2\/pages\/121\/revisions\/1395"}],"wp:attachment":[{"href":"https:\/\/jacquescasasus.com\/index.php?rest_route=%2Fwp%2Fv2%2Fmedia&parent=121"}],"curies":[{"name":"wp","href":"https:\/\/api.w.org\/{rel}","templated":true}]}}